{"id":13,"date":"2021-01-13T12:06:52","date_gmt":"2021-01-13T12:06:52","guid":{"rendered":"https:\/\/feketesastarsasag.org\/schwarzer-adler-gesellschaft\/?page_id=13"},"modified":"2021-01-27T11:52:10","modified_gmt":"2021-01-27T11:52:10","slug":"willkommen","status":"publish","type":"page","link":"https:\/\/feketesastarsasag.org\/schwarzer-adler-gesellschaft\/","title":{"rendered":"Willkommen"},"content":{"rendered":"\r\n<h2 class=\"wp-block-heading\">Gasthof zum Schwarzen Adler in Stuhlweissenburg<\/h2>\r\n\r\n\r\n\r\n<p>Der ehemalige Gasthof zum Schwarzen Adler ist ein einst\u00f6ckiges Geb\u00e4ude im Zentrum der Stadt Sz\u00e9kesfeh\u00e9rv\u00e1r (Stuhlwei\u00dfenburg). Es steht nahe der fr\u00fcheren Stadtmauer, deren Reste noch im Garten sichtbar sind. Schon \u00fcber Jahrhunderte hatte hier ein Geb\u00e4ude gestanden; der Burgvogt wohnte hier; sp\u00e4ter ging es in den Besitz der Pauliner M\u00f6nche \u00fcber.<\/p>\r\n\r\n\r\n\r\n<p>Seit dem Beginn des 18. Jahrhunderts kann hier, mit einigen Unterbrechungen, bis 1956 ein Gasthof nachgewiesen werden. Das Geb\u00e4ude erhielt seine jetzige Form im klassizistischen Stil in den 1820er Jahren. Es spielte im kulturellen Leben der Stadt, insbesondere im 19. Jahrhundert, eine wichtige Rolle. So wurden hier B\u00e4lle, Konzerte und vor\u00fcbergehend auch Theatervorstellungen veranstaltet. Man traf sich im Kaffeehaus; vor allem versammelte sich hier die Jugend der \u201eReformzeit\u201d. Nicht nur um Kaffee und Kuchen zu genie\u00dfen, sondern auch um sich zu informieren und zu diskutieren. Die Geschichtsschreibung vermerkt es als ein bedeutendes Ereignis, dass hier am 16. M\u00e4rz 1848 die \u201e12 Punkte\u201d und das \u201eNationallied\u201d verlesen wurden.<\/p>\r\n\r\n\r\n\r\n<div class=\"wp-block-image\">\r\n<figure class=\"alignright size-large is-resized\"><img loading=\"lazy\" decoding=\"async\" src=\"http:\/\/upload.wikimedia.org\/wikipedia\/en\/a\/ac\/SingingFool.jpg\" alt=\"\" width=\"291\" height=\"408\" \/>\r\n<figcaption>Filmplakat &#8222;The Singing Fool&#8220;<br \/>(Quelle: wikimedia.org)<\/figcaption>\r\n<\/figure>\r\n<\/div>\r\n\r\n\r\n\r\n<p>Gr\u00f6\u00dfere Umbauten folgten. Zu Beginn des 20. Jahrhunderts wurde der Innenhof \u00fcberdacht und als Restaurant eingerichtet, 1913 wurde auf dem zum Burgring auslaufenden Ende des Grundst\u00fccks das Apollo Kino gebaut. Im Jahre 1928 kam hier zum ersten Mal ein Tonfilm, &#8222;Der singende Narr&#8220;, zur Auff\u00fchrung. Der ehemalige Gasthof zum Schwarzer Adler wurde im Jahre 1952 verstaatlicht. Seit 1994 steht das Geb\u00e4ude leer und wartet, wie auch die H\u00e4user in seinem unmittelbaren Umfeld, auf Sanierung und Inbetriebnahme als ein touristisch anziehendes, neu erstehendes Zentrum der Kultur.<\/p>\r\n\r\n\r\n\r\n<p>Die <strong>Gesellschaft Schwarzer Adler<\/strong> in Sz\u00e9kesveh\u00e9rv\u00e1r wurde 2014 als Verein eingetragen. Laut Satzung f\u00fchrt sie im Bereich der Architektur und Kulturwissenschaften Mentorenprogramme durch. Dar\u00fcber hinaus sie organisiert kulturelle Veranstaltungen und erforscht die Geschichte des Geb\u00e4udes. Mit seiner T\u00e4tigkeit tr\u00e4gt der Verein dazu bei, dass das denkmalgesch\u00fctzte Geb\u00e4ude wieder im alten Glanz erstrahlen und seine kulturf\u00f6rdernde Funktion zur\u00fcckgewinnen kann.<\/p>\r\n\r\n\r\n\r\n<p>Eine Untersuchung der Geschichte des Gasthofes zum Schwarzen Adler wurde von Eszter Fontana und Anna Gergely angefertigt. Studien zur arch\u00e4ologischen- und kunsthistorischen Bedeutung bereiten die angesehene Wissenschaftler Gyula Sikl\u00f3si (Arch\u00e4ologe) und Sabina Reich (Arch\u00e4ologin) vor. Eine <a href=\"http:\/\/epiteszforum.hu\/fekete-sas-fogado-megujulasa-soltesz-judit-diplomamunkaja\" target=\"_blank\" rel=\"noreferrer noopener\">Vision<\/a> der m\u00f6glichen Nutzung erstellte die junge Architektin Judit Solt\u00e9sz. Die &#8222;Gesellschaft Schwarzer Adler\u201d erarbeitete in Zusammmenarbeit mit dem Rat der Stadt ein Nutzungskonzept; dieses wird Geschichte und Geist des\u00a0 denkmalgesch\u00fctzen Geb\u00e4udes ber\u00fccksichtigen sowie die Gegebenheiten und kulturellen Anspr\u00fcche der Stadt Sz\u00e9kesfeh\u00e9rv\u00e1r aufgreifen.<\/p>\r\n","protected":false},"excerpt":{"rendered":"<p>Gasthof zum Schwarzen Adler in Stuhlweissenburg Der ehemalige Gasthof zum Schwarzen Adler ist ein einst\u00f6ckiges Geb\u00e4ude im Zentrum der Stadt Sz\u00e9kesfeh\u00e9rv\u00e1r (Stuhlwei\u00dfenburg). Es steht nahe der fr\u00fcheren Stadtmauer, deren Reste noch im Garten sichtbar sind. Schon \u00fcber Jahrhunderte hatte hier ein Geb\u00e4ude gestanden; der Burgvogt wohnte hier; sp\u00e4ter ging es in den Besitz der Pauliner [&hellip;]<\/p>\n","protected":false},"author":1,"featured_media":0,"parent":0,"menu_order":0,"comment_status":"closed","ping_status":"closed","template":"","meta":{"footnotes":""},"class_list":["post-13","page","type-page","status-publish","hentry"],"_links":{"self":[{"href":"https:\/\/feketesastarsasag.org\/schwarzer-adler-gesellschaft\/wp-json\/wp\/v2\/pages\/13","targetHints":{"allow":["GET"]}}],"collection":[{"href":"https:\/\/feketesastarsasag.org\/schwarzer-adler-gesellschaft\/wp-json\/wp\/v2\/pages"}],"about":[{"href":"https:\/\/feketesastarsasag.org\/schwarzer-adler-gesellschaft\/wp-json\/wp\/v2\/types\/page"}],"author":[{"embeddable":true,"href":"https:\/\/feketesastarsasag.org\/schwarzer-adler-gesellschaft\/wp-json\/wp\/v2\/users\/1"}],"replies":[{"embeddable":true,"href":"https:\/\/feketesastarsasag.org\/schwarzer-adler-gesellschaft\/wp-json\/wp\/v2\/comments?post=13"}],"version-history":[{"count":7,"href":"https:\/\/feketesastarsasag.org\/schwarzer-adler-gesellschaft\/wp-json\/wp\/v2\/pages\/13\/revisions"}],"predecessor-version":[{"id":96,"href":"https:\/\/feketesastarsasag.org\/schwarzer-adler-gesellschaft\/wp-json\/wp\/v2\/pages\/13\/revisions\/96"}],"wp:attachment":[{"href":"https:\/\/feketesastarsasag.org\/schwarzer-adler-gesellschaft\/wp-json\/wp\/v2\/media?parent=13"}],"curies":[{"name":"wp","href":"https:\/\/api.w.org\/{rel}","templated":true}]}}