{"id":49,"date":"2021-01-13T16:38:20","date_gmt":"2021-01-13T16:38:20","guid":{"rendered":"https:\/\/feketesastarsasag.org\/black-eagle-society\/?page_id=49"},"modified":"2021-01-27T12:50:43","modified_gmt":"2021-01-27T12:50:43","slug":"mentoring-program-2","status":"publish","type":"page","link":"https:\/\/feketesastarsasag.org\/black-eagle-society\/mentoring-program-2\/","title":{"rendered":"Mentoring Program"},"content":{"rendered":"\r\n<h2 class=\"wp-block-heading\">The Mentoring Program<\/h2>\r\n<p>This practice is a major part in the educational program of the Black Eagle Society&#8217;s charter. The main focus are topics in relation to the history and architectural history of this former inn.<\/p>\r\n<p>All the studies, results etc are made public or can be accessed on demand to ensure their use in further research.<\/p>\r\n<h2>Time Line<\/h2>\r\n<p>January to March <strong>2020<\/strong>: Consultations for the participants of the short story competition running since the end of 2019. Topics: Architectural history of the Black Eagle Inn, history of technology, information about fashion and furniture. This service was sought out by 22 people.<\/p>\r\n<p><strong>2018-2020<\/strong>: Vikt\u00f3riaT\u00f3th, Sz\u00e9kesfeh\u00e9rv\u00e1r<br \/><span style=\"margin-left: 20px;\">Topic: Print preparation of a research paper. Layout and other graphic design tasks.<\/span><br \/><span style=\"margin-left: 20px;\">Task: Preparing the print of a paper about the history of the Black Eagle Inn.<\/span><br \/><span style=\"margin-left: 20px;\">Mentor: Zsuzsa Mur\u00e1nyi (Graphic designer, book designer)<\/span><\/p>\r\n<p><strong>2016-2019<\/strong>: Judit Solt\u00e9sz, Budapest. Technical University Budapest, Department of Architecture of public buildings. PhD student.<br \/><span style=\"margin-left: 20px;\">Supervisor: Mih\u00e1ly Bal\u00e1zs<\/span><br \/><span style=\"margin-left: 20px;\"> Thema: The former &#8220;Black Eagle Inn&#8221;: A house of many functionalities. Collection about the city&#8217;s history, multifunctional art gallery (exhibitions, movie screenings, concerts etc) and museum centre.<\/span><br \/><span style=\"margin-left: 20px;\">Mentors: Eszter Fontana, S\u00e1ndor Keresztes<\/span><\/p>\r\n<p><strong>2016<\/strong>: Vikt\u00f3ria T\u00f3th, Sz\u00e9kesfeh\u00e9rv\u00e1r: Passive environmentally friendly technologies in architecture and monument preservation. Public Lecture.<br \/><span style=\"margin-left: 20px;\"> Mentors: Eszter Fontana, S\u00e1ndor Keresztes<\/span><\/p>\r\n<p><strong>2013-2014<\/strong>: Judit Solt\u00e9sz, Budapest. Technical University Budapest, department for architecture of public buildings. Diploma project. (2013-2014) <br \/><span style=\"margin-left: 20px;\"> Topic: The former \u201cBlack Eagle Inn\u201d in Sz\u00e9kesfeh\u00e9rv\u00e1r. Design. <\/span><br \/><span style=\"margin-left: 20px;\"> Advisor: Prof.Mih\u00e1ly Bal\u00e1zs, Opponent: L\u00e1szl\u00f3 Kalm\u00e1r<\/span><br \/><span style=\"margin-left: 20px;\">Mentors: Prof. Dr. Eszter Fontana, S\u00e1ndor Keresztes (architect), Eleonora Kov\u00e1cs (archivist) , Atilla Lantay (municipal first architect in Sz\u00e9kesfeh\u00e9rv\u00e1r). The design has been awarded and positively evaluated by experts. <a href=\"http:\/\/epiteszforum.hu\/fekete-sas-fogado-megujulasa-soltesz-judit-diplomamunkaja\" target=\"_blank\" rel=\"noreferrer noopener\">More information<\/a>\u2026<\/span><\/p>\r\n<h2>Old Traditions in a New Form<\/h2>\r\n<p>\r\n\r\n<\/p>\r\n<p>On behalf of the Black Eagle Society, a study has been conducted to research the possibilities of a cultural and touristic utilization of the former inn. This study considers the convenient location, the history, the size and other conditions of the inn named after the Black Eagle. It comes to the conclusion that redevelopment according to standards of the preservation of monuments and new concept of utilization can only harmonize, if all the old functions (education, art and culture, coffee house and restaurants as well as the possibility to stay overnight) will be remembered. However, at the same time, today\u2019s interests need to be taken into consideration. In short, old traditions are followed in an up-dated form. The building is well suited as a venue for concerts, smaller exhibitions, workshops etc. Artists\u2019 studios can be created. The concert hall will be used as an exhibition room, forum and stage simultaneously. The new plans suggest a utilization as a workshop for art and culture. The mentoring program plays a significant role in those plans.<\/p>\r\n<p>\r\n\r\n<\/p>\r\n<p><\/p>","protected":false},"excerpt":{"rendered":"<p>The Mentoring Program This practice is a major part in the educational program of the Black Eagle Society&#8217;s charter. The main focus are topics in relation to the history and architectural history of this former inn. All the studies, results etc are made public or can be accessed on demand to ensure their use in [&hellip;]<\/p>\n","protected":false},"author":1,"featured_media":0,"parent":0,"menu_order":0,"comment_status":"closed","ping_status":"closed","template":"","meta":{"footnotes":""},"class_list":["post-49","page","type-page","status-publish","hentry"],"_links":{"self":[{"href":"https:\/\/feketesastarsasag.org\/black-eagle-society\/wp-json\/wp\/v2\/pages\/49","targetHints":{"allow":["GET"]}}],"collection":[{"href":"https:\/\/feketesastarsasag.org\/black-eagle-society\/wp-json\/wp\/v2\/pages"}],"about":[{"href":"https:\/\/feketesastarsasag.org\/black-eagle-society\/wp-json\/wp\/v2\/types\/page"}],"author":[{"embeddable":true,"href":"https:\/\/feketesastarsasag.org\/black-eagle-society\/wp-json\/wp\/v2\/users\/1"}],"replies":[{"embeddable":true,"href":"https:\/\/feketesastarsasag.org\/black-eagle-society\/wp-json\/wp\/v2\/comments?post=49"}],"version-history":[{"count":7,"href":"https:\/\/feketesastarsasag.org\/black-eagle-society\/wp-json\/wp\/v2\/pages\/49\/revisions"}],"predecessor-version":[{"id":108,"href":"https:\/\/feketesastarsasag.org\/black-eagle-society\/wp-json\/wp\/v2\/pages\/49\/revisions\/108"}],"wp:attachment":[{"href":"https:\/\/feketesastarsasag.org\/black-eagle-society\/wp-json\/wp\/v2\/media?parent=49"}],"curies":[{"name":"wp","href":"https:\/\/api.w.org\/{rel}","templated":true}]}}