{"id":38,"date":"2021-01-13T13:43:19","date_gmt":"2021-01-13T13:43:19","guid":{"rendered":"https:\/\/feketesastarsasag.org\/black-eagle-society\/?page_id=38"},"modified":"2021-01-27T12:25:06","modified_gmt":"2021-01-27T12:25:06","slug":"events","status":"publish","type":"page","link":"https:\/\/feketesastarsasag.org\/black-eagle-society\/events\/","title":{"rendered":"Events"},"content":{"rendered":"\r\n<p>Due to the Corona outbreak and restrictions, all events are cancelled until further notice.<\/p>\r\n<h2>Past Events<\/h2>\r\n<h3>Academy of the Black Eagle Society<\/h3>\r\n<p>Art \u2013 Architecture \u2013 Local History<br \/><i>Old Times \u2013 New Times<\/i><br \/>Series of lectures of the Black Eagle Association and the city&#8217;s gallery.<br \/>The lectures are helt at the De\u00e1k Collection, Sz\u00e9kesfeh\u00e9rv\u00e1r, Oskola Str. 10.<\/p>\r\n<hr width=\"50%\" \/>\r\n<p><b>Sunday, 27th September 2015, 3:30 p.m.<\/b><\/p>\r\n<h2>Peter P\u00e1zm\u00e1ny&#8217;s Thoughts about Calvin&#8217;s Credo And The Appearance of A New Genre in the 16th and 17th Century<\/h2>\r\n<p>Lecture (in Hungarian) by Tam\u00e1s Tak\u00e1cs, Literary Historian<br \/>Admission: 500 Ft.<\/p>\r\n<p><b>Sunday, 11th October 2015, 3:30 p.m.<\/b><\/p>\r\n<h2>fashion of the hungarian reform era<\/h2>\r\n<p>Prof. Dr. Katalin F. D\u00f3zsa \u2013 Art Historian<br \/>Admission: 500 Ft.<\/p>\r\n","protected":false},"excerpt":{"rendered":"<p>Due to the Corona outbreak and restrictions, all events are cancelled until further notice. Past Events Academy of the Black Eagle Society Art \u2013 Architecture \u2013 Local HistoryOld Times \u2013 New TimesSeries of lectures of the Black Eagle Association and the city&#8217;s gallery.The lectures are helt at the De\u00e1k Collection, Sz\u00e9kesfeh\u00e9rv\u00e1r, Oskola Str. 10. Sunday, [&hellip;]<\/p>\n","protected":false},"author":1,"featured_media":0,"parent":0,"menu_order":0,"comment_status":"closed","ping_status":"closed","template":"","meta":{"footnotes":""},"class_list":["post-38","page","type-page","status-publish","hentry"],"_links":{"self":[{"href":"https:\/\/feketesastarsasag.org\/black-eagle-society\/wp-json\/wp\/v2\/pages\/38","targetHints":{"allow":["GET"]}}],"collection":[{"href":"https:\/\/feketesastarsasag.org\/black-eagle-society\/wp-json\/wp\/v2\/pages"}],"about":[{"href":"https:\/\/feketesastarsasag.org\/black-eagle-society\/wp-json\/wp\/v2\/types\/page"}],"author":[{"embeddable":true,"href":"https:\/\/feketesastarsasag.org\/black-eagle-society\/wp-json\/wp\/v2\/users\/1"}],"replies":[{"embeddable":true,"href":"https:\/\/feketesastarsasag.org\/black-eagle-society\/wp-json\/wp\/v2\/comments?post=38"}],"version-history":[{"count":3,"href":"https:\/\/feketesastarsasag.org\/black-eagle-society\/wp-json\/wp\/v2\/pages\/38\/revisions"}],"predecessor-version":[{"id":97,"href":"https:\/\/feketesastarsasag.org\/black-eagle-society\/wp-json\/wp\/v2\/pages\/38\/revisions\/97"}],"wp:attachment":[{"href":"https:\/\/feketesastarsasag.org\/black-eagle-society\/wp-json\/wp\/v2\/media?parent=38"}],"curies":[{"name":"wp","href":"https:\/\/api.w.org\/{rel}","templated":true}]}}