{"id":35,"date":"2021-01-13T13:38:26","date_gmt":"2021-01-13T13:38:26","guid":{"rendered":"https:\/\/feketesastarsasag.org\/black-eagle-society\/?page_id=35"},"modified":"2021-09-08T12:49:47","modified_gmt":"2021-09-08T11:49:47","slug":"publications","status":"publish","type":"page","link":"https:\/\/feketesastarsasag.org\/black-eagle-society\/publications\/","title":{"rendered":"Publications"},"content":{"rendered":"\r\n<h2 class=\"wp-block-heading\">True Stories from the Black Eagle Inn<\/h2>\r\n<h3>Ten Short Stories<\/h3>\r\n<p>At the end of 2019, a writers&#8217; competition was announced. We expected short stories based on true events between 1885 and 1917. Writers were supplied with old newspaper articles about interesting events at the Black Eagle Inn. The best 10 stories can be read in this illustrated\u00a0 publication in Hungarian.<\/p>\r\n<p>137&#215;197 mm<br \/>116 pages<\/p>\r\n<p><a href=\"https:\/\/feketesastarsasag.org\/black-eagle-society\/wp-content\/uploads\/sites\/3\/2021\/04\/Novellaskotet_reszlet.jpg\"><img loading=\"lazy\" decoding=\"async\" class=\"alignnone size-medium wp-image-112\" src=\"https:\/\/feketesastarsasag.org\/black-eagle-society\/wp-content\/uploads\/sites\/3\/2021\/04\/Novellaskotet_reszlet-205x300.jpg\" alt=\"\" width=\"205\" height=\"300\" srcset=\"https:\/\/feketesastarsasag.org\/black-eagle-society\/wp-content\/uploads\/sites\/3\/2021\/04\/Novellaskotet_reszlet-205x300.jpg 205w, https:\/\/feketesastarsasag.org\/black-eagle-society\/wp-content\/uploads\/sites\/3\/2021\/04\/Novellaskotet_reszlet.jpg 273w\" sizes=\"auto, (max-width: 205px) 100vw, 205px\" \/><\/a><\/p>\r\n<p>Published in April 2021<br \/>Supported by the municipal trust \u201eL\u00e1nczos Korn\u00e9l \u2013 Szekf\u0171 Gyula \u00d6szt\u00f6nd\u00edj Alap\u00edtv\u00e1ny\u201d.<\/p>\r\n<h2>The Centuries of the Black Eagle Inn and Coffeehouse<\/h2>\r\n\r\n\r\n\r\n\r\n\r\n<p>A publication in Hungarian with numerous illustrations and a summarization in German and English. It enables an insight into the history, and at the same time, it sketches a possible future of the building. The individual articles have been compiled by an historian, an archaeologist, an art historian and an architect.<br \/>The photographs taken on behalf of the Black Eagle Society are lyrical documents of decay.<br \/>The records and illustrations inform and encourage the reader to further thinking.<br \/>The history of the building is being presented in an autonomous book for the first time.<\/p>\r\n\r\n\r\n\r\n<p>Recommended for locals of Sz\u00e9kesfeh\u00e9rv\u00e1r interested in their city\u2019s history and for tourists likewise.<br \/>18,5 x 23 cm<br \/>160\u00a0pages<\/p>\r\n\r\n\r\n\r\n<p>In cooperation with the society \u201eFej\u00e9r Megyei M\u00fazeumegyes\u00fclet\u201c.<br \/>In preparation. Due to be published in 2021<br \/>Supported by the municipal trust \u201cL\u00e1nczos Korn\u00e9l \u2013 Szekf\u0171 Gyula \u00d6szt\u00f6nd\u00edj Alap\u00edtv\u00e1ny\u201d.<\/p>\r\n<p><img loading=\"lazy\" decoding=\"async\" class=\"alignnone size-medium wp-image-119\" src=\"https:\/\/feketesastarsasag.org\/black-eagle-society\/wp-content\/uploads\/sites\/3\/2021\/09\/borito-b4_kicsi-300x300.jpg\" alt=\"\" width=\"300\" height=\"300\" srcset=\"https:\/\/feketesastarsasag.org\/black-eagle-society\/wp-content\/uploads\/sites\/3\/2021\/09\/borito-b4_kicsi-300x300.jpg 300w, https:\/\/feketesastarsasag.org\/black-eagle-society\/wp-content\/uploads\/sites\/3\/2021\/09\/borito-b4_kicsi-150x150.jpg 150w, https:\/\/feketesastarsasag.org\/black-eagle-society\/wp-content\/uploads\/sites\/3\/2021\/09\/borito-b4_kicsi.jpg 480w\" sizes=\"auto, (max-width: 300px) 100vw, 300px\" \/><\/p>\r\n\r\n\r\n","protected":false},"excerpt":{"rendered":"<p>True Stories from the Black Eagle Inn Ten Short Stories At the end of 2019, a writers&#8217; competition was announced. We expected short stories based on true events between 1885 and 1917. Writers were supplied with old newspaper articles about interesting events at the Black Eagle Inn. The best 10 stories can be read in [&hellip;]<\/p>\n","protected":false},"author":1,"featured_media":0,"parent":0,"menu_order":0,"comment_status":"closed","ping_status":"closed","template":"","meta":{"footnotes":""},"class_list":["post-35","page","type-page","status-publish","hentry"],"_links":{"self":[{"href":"https:\/\/feketesastarsasag.org\/black-eagle-society\/wp-json\/wp\/v2\/pages\/35","targetHints":{"allow":["GET"]}}],"collection":[{"href":"https:\/\/feketesastarsasag.org\/black-eagle-society\/wp-json\/wp\/v2\/pages"}],"about":[{"href":"https:\/\/feketesastarsasag.org\/black-eagle-society\/wp-json\/wp\/v2\/types\/page"}],"author":[{"embeddable":true,"href":"https:\/\/feketesastarsasag.org\/black-eagle-society\/wp-json\/wp\/v2\/users\/1"}],"replies":[{"embeddable":true,"href":"https:\/\/feketesastarsasag.org\/black-eagle-society\/wp-json\/wp\/v2\/comments?post=35"}],"version-history":[{"count":13,"href":"https:\/\/feketesastarsasag.org\/black-eagle-society\/wp-json\/wp\/v2\/pages\/35\/revisions"}],"predecessor-version":[{"id":120,"href":"https:\/\/feketesastarsasag.org\/black-eagle-society\/wp-json\/wp\/v2\/pages\/35\/revisions\/120"}],"wp:attachment":[{"href":"https:\/\/feketesastarsasag.org\/black-eagle-society\/wp-json\/wp\/v2\/media?parent=35"}],"curies":[{"name":"wp","href":"https:\/\/api.w.org\/{rel}","templated":true}]}}