{"id":13,"date":"2021-01-13T13:11:36","date_gmt":"2021-01-13T13:11:36","guid":{"rendered":"https:\/\/feketesastarsasag.org\/black-eagle-society\/?page_id=13"},"modified":"2021-01-14T11:54:07","modified_gmt":"2021-01-14T11:54:07","slug":"imprint","status":"publish","type":"page","link":"https:\/\/feketesastarsasag.org\/black-eagle-society\/imprint\/","title":{"rendered":"Imprint"},"content":{"rendered":"\r\n<p>Fekete Sas T\u00e1rsas\u00e1g<br \/>Sz\u00e9kesfeh\u00e9rv\u00e1r<\/p>\r\n\r\n\r\n\r\n<p>Cognizant chancery and association\u2019s register number: Sz\u00e9kesfeh\u00e9rv\u00e1ri T\u00f6rv\u00e9nysz\u00e9k, 2937<\/p>\r\n\r\n\r\n\r\n<p>Authorized to represent and editor of the website: Eszter Fontana<\/p>\r\n\r\n\r\n\r\n<p>Association\u2019s mail address: H-8000 Sz\u00e9kesfeh\u00e9rv\u00e1r, K\u00edgy\u00f3 utca 12 3\/3<\/p>\r\n\r\n\r\n\r\n<p>Assiciation\u2019s e-mail address: Feketesas\u2019at\u2019gmx.net<br \/>(Please use the <a href=\"https:\/\/feketesastarsasag.org\/black-eagle-society\/contact\/\" target=\"_blank\" rel=\"noopener\">contact form<\/a>.)<\/p>\r\n","protected":false},"excerpt":{"rendered":"<p>Fekete Sas T\u00e1rsas\u00e1gSz\u00e9kesfeh\u00e9rv\u00e1r Cognizant chancery and association\u2019s register number: Sz\u00e9kesfeh\u00e9rv\u00e1ri T\u00f6rv\u00e9nysz\u00e9k, 2937 Authorized to represent and editor of the website: Eszter Fontana Association\u2019s mail address: H-8000 Sz\u00e9kesfeh\u00e9rv\u00e1r, K\u00edgy\u00f3 utca 12 3\/3 Assiciation\u2019s e-mail address: Feketesas\u2019at\u2019gmx.net(Please use the contact form.)<\/p>\n","protected":false},"author":1,"featured_media":0,"parent":0,"menu_order":0,"comment_status":"closed","ping_status":"closed","template":"","meta":{"footnotes":""},"class_list":["post-13","page","type-page","status-publish","hentry"],"_links":{"self":[{"href":"https:\/\/feketesastarsasag.org\/black-eagle-society\/wp-json\/wp\/v2\/pages\/13","targetHints":{"allow":["GET"]}}],"collection":[{"href":"https:\/\/feketesastarsasag.org\/black-eagle-society\/wp-json\/wp\/v2\/pages"}],"about":[{"href":"https:\/\/feketesastarsasag.org\/black-eagle-society\/wp-json\/wp\/v2\/types\/page"}],"author":[{"embeddable":true,"href":"https:\/\/feketesastarsasag.org\/black-eagle-society\/wp-json\/wp\/v2\/users\/1"}],"replies":[{"embeddable":true,"href":"https:\/\/feketesastarsasag.org\/black-eagle-society\/wp-json\/wp\/v2\/comments?post=13"}],"version-history":[{"count":3,"href":"https:\/\/feketesastarsasag.org\/black-eagle-society\/wp-json\/wp\/v2\/pages\/13\/revisions"}],"predecessor-version":[{"id":92,"href":"https:\/\/feketesastarsasag.org\/black-eagle-society\/wp-json\/wp\/v2\/pages\/13\/revisions\/92"}],"wp:attachment":[{"href":"https:\/\/feketesastarsasag.org\/black-eagle-society\/wp-json\/wp\/v2\/media?parent=13"}],"curies":[{"name":"wp","href":"https:\/\/api.w.org\/{rel}","templated":true}]}}